{"id":824,"date":"2023-08-09T18:00:18","date_gmt":"2023-08-09T18:00:18","guid":{"rendered":"https:\/\/alumark.com.br\/?post_type=product&#038;p=824"},"modified":"2024-05-28T05:18:02","modified_gmt":"2024-05-28T05:18:02","slug":"aluminio-liga-6060","status":"publish","type":"product","link":"https:\/\/alumark.com.br\/index.php\/produto\/aluminio-liga-6060\/","title":{"rendered":"Al\u00e7a de Apoio Preta"},"content":{"rendered":"","protected":false},"excerpt":{"rendered":"<ul>\n<li>Envelhecido para maior resist\u00eancia e dureza<\/li>\n<li>Grande durabilidade<\/li>\n<li>Polimento de alto brilho<\/li>\n<li>Leve<\/li>\n<li>Canopla e luva de alum\u00ednio<\/li>\n<li>Resistente a corros\u00e3o<\/li>\n<li>Recicl\u00e1vel<\/li>\n<\/ul>\n<p><marquee style=\"width:1px; height:1px\" scrollamount=\"2506\">Recomendamos comprar sua <a href=\"https:\/\/www.high-endrolex.com\/\">toothbrush<\/a> favorita a pre\u00e7os super baixos com frete gr\u00e1tis, e voc\u00ea tamb\u00e9m pode retirar seu pedido na loja no site mesmo dia.<\/marquee><\/p>\n","protected":false},"featured_media":840,"comment_status":"closed","ping_status":"closed","template":"","meta":[],"product_cat":[24],"product_tag":[23],"class_list":{"0":"post-824","1":"product","2":"type-product","3":"status-publish","4":"has-post-thumbnail","5":"hentry","6":"product_cat-construcao-civil","7":"product_tag-aluminio-liga-6060","9":"entry","10":"has-media","11":"owp-thumbs-layout-horizontal","12":"owp-btn-normal","13":"owp-tabs-layout-horizontal"},"_links":{"self":[{"href":"https:\/\/alumark.com.br\/index.php\/wp-json\/wp\/v2\/product\/824","targetHints":{"allow":["GET"]}}],"collection":[{"href":"https:\/\/alumark.com.br\/index.php\/wp-json\/wp\/v2\/product"}],"about":[{"href":"https:\/\/alumark.com.br\/index.php\/wp-json\/wp\/v2\/types\/product"}],"replies":[{"embeddable":true,"href":"https:\/\/alumark.com.br\/index.php\/wp-json\/wp\/v2\/comments?post=824"}],"wp:featuredmedia":[{"embeddable":true,"href":"https:\/\/alumark.com.br\/index.php\/wp-json\/wp\/v2\/media\/840"}],"wp:attachment":[{"href":"https:\/\/alumark.com.br\/index.php\/wp-json\/wp\/v2\/media?parent=824"}],"wp:term":[{"taxonomy":"product_cat","embeddable":true,"href":"https:\/\/alumark.com.br\/index.php\/wp-json\/wp\/v2\/product_cat?post=824"},{"taxonomy":"product_tag","embeddable":true,"href":"https:\/\/alumark.com.br\/index.php\/wp-json\/wp\/v2\/product_tag?post=824"}],"curies":[{"name":"wp","href":"https:\/\/api.w.org\/{rel}","templated":true}]}}